


{"id":3949,"date":"2023-06-27T06:13:59","date_gmt":"2023-06-27T06:13:59","guid":{"rendered":"https:\/\/mein-bbn.de\/baeckerei\/?page_id=3949"},"modified":"2026-04-01T08:27:00","modified_gmt":"2026-04-01T08:27:00","slug":"karriere-bei-bbn","status":"publish","type":"page","link":"https:\/\/mein-bbn.de\/baeckerei\/karriere-bei-bbn\/","title":{"rendered":"Karriere bei BBN"},"content":{"rendered":"\t\t<div data-elementor-type=\"wp-page\" data-elementor-id=\"3949\" class=\"elementor elementor-3949\" data-elementor-post-type=\"page\">\n\t\t\t\t\t\t<section class=\"elementor-section elementor-top-section elementor-element elementor-element-03cade0 elementor-section-content-middle elementor-section-full_width elementor-section-height-default elementor-section-height-default\" data-id=\"03cade0\" data-element_type=\"section\" data-e-type=\"section\" data-settings=\"{&quot;background_background&quot;:&quot;classic&quot;}\">\n\t\t\t\t\t\t<div class=\"elementor-container elementor-column-gap-no\">\n\t\t\t\t\t<div class=\"elementor-column elementor-col-100 elementor-top-column elementor-element elementor-element-572295e\" data-id=\"572295e\" data-element_type=\"column\" data-e-type=\"column\">\n\t\t\t<div class=\"elementor-widget-wrap elementor-element-populated\">\n\t\t\t\t\t\t<div class=\"elementor-element elementor-element-b10075c elementor-widget elementor-widget-heading\" data-id=\"b10075c\" data-element_type=\"widget\" data-e-type=\"widget\" data-widget_type=\"heading.default\">\n\t\t\t\t<div class=\"elementor-widget-container\">\n\t\t\t\t\t<h1 class=\"elementor-heading-title elementor-size-default\">Deine Karriere bei BBN<\/h1>\t\t\t\t<\/div>\n\t\t\t\t<\/div>\n\t\t\t\t<section class=\"elementor-section elementor-inner-section elementor-element elementor-element-e6b3f40 elementor-section-content-middle elementor-section-boxed elementor-section-height-default elementor-section-height-default\" data-id=\"e6b3f40\" data-element_type=\"section\" data-e-type=\"section\">\n\t\t\t\t\t\t<div class=\"elementor-container elementor-column-gap-no\">\n\t\t\t\t\t<div class=\"elementor-column elementor-col-100 elementor-inner-column elementor-element elementor-element-fa33ad5\" data-id=\"fa33ad5\" data-element_type=\"column\" data-e-type=\"column\">\n\t\t\t<div class=\"elementor-widget-wrap elementor-element-populated\">\n\t\t\t\t\t\t<div class=\"elementor-element elementor-element-f8accbc elementor-widget elementor-widget-text-editor\" data-id=\"f8accbc\" data-element_type=\"widget\" data-e-type=\"widget\" data-widget_type=\"text-editor.default\">\n\t\t\t\t<div class=\"elementor-widget-container\">\n\t\t\t\t\t\t\t\t\t<p>Wir bei BBN entwickeln Software, um Menschen den Alltag einfacher zu machen. Der Mensch steht daher auch in unseren Teams im Vordergrund. Wir sind \u00fcberzeugt, dass nur mit gegenseitiger Wertsch\u00e4tzung, gemeinsamen Werten und Zielen ein offenes und weitgehend selbstgesteuertes Arbeiten m\u00f6glich ist \u2013 und wir so die optimalen L\u00f6sungen und Services entwickeln k\u00f6nnen.<br \/>Du m\u00f6chtest Teil unseres Teams werden? Hier findest du unsere aktuellen Jobausschreibungen*:<\/p><p>\u00a0<\/p><p style=\"text-align: left;\">* Ach ja, selbstverst\u00e4ndlich sind alle Stellenausschreibungen m\/w\/d. Und wir halten uns in der Ansprache an den Duden \ud83d\ude09<\/p>\t\t\t\t\t\t\t\t<\/div>\n\t\t\t\t<\/div>\n\t\t\t\t\t<\/div>\n\t\t<\/div>\n\t\t\t\t\t<\/div>\n\t\t<\/section>\n\t\t\t\t\t<\/div>\n\t\t<\/div>\n\t\t\t\t\t<\/div>\n\t\t<\/section>\n\t\t<div class=\"elementor-element elementor-element-16ad57e1 e-con-full e-flex e-con e-parent\" data-id=\"16ad57e1\" data-element_type=\"container\" data-e-type=\"container\" data-settings=\"{&quot;background_background&quot;:&quot;classic&quot;}\">\n\t\t\t\t<div class=\"elementor-element elementor-element-85d5bc1 elementor-widget__width-inherit elementor-widget elementor-widget-toggle\" data-id=\"85d5bc1\" data-element_type=\"widget\" data-e-type=\"widget\" data-widget_type=\"toggle.default\">\n\t\t\t\t<div class=\"elementor-widget-container\">\n\t\t\t\t\t\t\t<div class=\"elementor-toggle\">\n\t\t\t\t\t\t\t<div class=\"elementor-toggle-item\">\n\t\t\t\t\t<h2 id=\"elementor-tab-title-1401\" class=\"elementor-tab-title\" data-tab=\"1\" role=\"button\" aria-controls=\"elementor-tab-content-1401\" aria-expanded=\"false\">\n\t\t\t\t\t\t\t\t\t\t\t\t<span class=\"elementor-toggle-icon elementor-toggle-icon-right\" aria-hidden=\"true\">\n\t\t\t\t\t\t\t\t\t\t\t\t\t\t\t<span class=\"elementor-toggle-icon-closed\"><svg xmlns=\"http:\/\/www.w3.org\/2000\/svg\" id=\"a\" width=\"37.8801\" height=\"37\" viewBox=\"0 0 37.8801 37\"><polygon points=\"37.3801 14 23.72 14 23.72 .5 23.72 0 23.22 0 14.66 0 14.16 0 14.16 .5 14.16 14 .5 14 0 14 0 14.5 0 22.5 0 23 .5 23 14.16 23 14.16 36.5 14.16 37 14.66 37 23.22 37 23.72 37 23.72 36.5 23.72 23 37.3801 23 37.8801 23 37.8801 22.5 37.8801 14.5 37.8801 14 37.3801 14\"><\/polygon><\/svg><\/span>\n\t\t\t\t\t\t\t\t<span class=\"elementor-toggle-icon-opened\"><i class=\"elementor-toggle-icon-opened fas fa-minus\"><\/i><\/span>\n\t\t\t\t\t\t\t\t\t\t\t\t\t<\/span>\n\t\t\t\t\t\t\t\t\t\t\t\t<a class=\"elementor-toggle-title\" tabindex=\"0\">Marketing Spezialist<\/a>\n\t\t\t\t\t<\/h2>\n\n\t\t\t\t\t<div id=\"elementor-tab-content-1401\" class=\"elementor-tab-content elementor-clearfix\" data-tab=\"1\" role=\"region\" aria-labelledby=\"elementor-tab-title-1401\"><p>Schwerpunkt: B2B Software (Vollzeit)<\/p><p><strong>Deine Aufgaben:<\/strong><\/p><ul><li>Operative Planung und Umsetzung unserer Marketingma\u00dfnahmen<\/li><li>Durchf\u00fchrung von Kampagnen zur Leadgenerierung im B2B-Umfeld<\/li><li>Pflege und Weiterentwicklung von Website, Newsletter und digitalen Kan\u00e4len<\/li><li>Erstellung von Marketing- und Vertriebsunterlagen<\/li><li>Auswertung relevanter KPIs und Optimierung laufender Ma\u00dfnahmen<\/li><li>Zusammenarbeit mit externen Dienstleistern<\/li><\/ul><p><strong>Dein Profil:<\/strong><\/p><ul><li>2-5 Jahre Erfahrung im Marketing, idealerweise im B2B-Bereich<\/li><li>Sicher im Umgang mit Online-Marketing-Tools und Performancekennzahlen<\/li><li>Strukturierte, selbstst\u00e4ndige Arbeitsweise<\/li><li>Hands-on-Mentalit\u00e4t und Umsetzungsst\u00e4rke<\/li><li>Interesse an Softwarel\u00f6sungen und digitalen Prozessen<\/li><\/ul><p><strong>Dein Benefit:<\/strong><\/p><ul><li>Gestaltungsspielraum mit operativer Freiheit und echter Mitgestaltung im Marketing<\/li><li>Direkte Zusammenarbeit mit Gesch\u00e4ftsf\u00fchrung und Vertrieb<\/li><li>Flache Hierarchien und kurze Entscheidungswege<\/li><li>Regelm\u00e4\u00dfige Schulungen und Konferenzbesuche<\/li><li>Homeoffice-M\u00f6glichkeiten und flexible Arbeitszeiten<\/li><li>Entwicklungschancen in einem stabilen, expandierenden Betrieb<\/li><\/ul><p><span style=\"text-decoration: underline;\"><strong><a href=\"https:\/\/mein-bbn.de\/baeckerei\/index.php\/marketing-spezialist\/\">Finde hier mehr Infos<\/a><\/strong><\/span><\/p><p><a href=\"mailto:bewerbung@mein-bbn.de\"><span style=\"text-decoration: underline;\"><strong>Schreib uns gerne <\/strong><\/span><\/a><\/p><\/div>\n\t\t\t\t<\/div>\n\t\t\t\t\t\t\t<div class=\"elementor-toggle-item\">\n\t\t\t\t\t<h2 id=\"elementor-tab-title-1402\" class=\"elementor-tab-title\" data-tab=\"2\" role=\"button\" aria-controls=\"elementor-tab-content-1402\" aria-expanded=\"false\">\n\t\t\t\t\t\t\t\t\t\t\t\t<span class=\"elementor-toggle-icon elementor-toggle-icon-right\" aria-hidden=\"true\">\n\t\t\t\t\t\t\t\t\t\t\t\t\t\t\t<span class=\"elementor-toggle-icon-closed\"><svg xmlns=\"http:\/\/www.w3.org\/2000\/svg\" id=\"a\" width=\"37.8801\" height=\"37\" viewBox=\"0 0 37.8801 37\"><polygon points=\"37.3801 14 23.72 14 23.72 .5 23.72 0 23.22 0 14.66 0 14.16 0 14.16 .5 14.16 14 .5 14 0 14 0 14.5 0 22.5 0 23 .5 23 14.16 23 14.16 36.5 14.16 37 14.66 37 23.22 37 23.72 37 23.72 36.5 23.72 23 37.3801 23 37.8801 23 37.8801 22.5 37.8801 14.5 37.8801 14 37.3801 14\"><\/polygon><\/svg><\/span>\n\t\t\t\t\t\t\t\t<span class=\"elementor-toggle-icon-opened\"><i class=\"elementor-toggle-icon-opened fas fa-minus\"><\/i><\/span>\n\t\t\t\t\t\t\t\t\t\t\t\t\t<\/span>\n\t\t\t\t\t\t\t\t\t\t\t\t<a class=\"elementor-toggle-title\" tabindex=\"0\">Mitarbeiter Support\/Helpdesk<\/a>\n\t\t\t\t\t<\/h2>\n\n\t\t\t\t\t<div id=\"elementor-tab-content-1402\" class=\"elementor-tab-content elementor-clearfix\" data-tab=\"2\" role=\"region\" aria-labelledby=\"elementor-tab-title-1402\"><p><strong>Schwerpunkt: B\u00e4ckereisoftware\/Warenwirtschaft (Voll- oder Teilzeit)<\/strong><\/p><p><strong>Deine Aufgaben:<\/strong><\/p><ul><li>Telefonischer First- und Second-Level-Support f\u00fcr unsere Kunden<\/li><li>Intensiver Austausch zu technischen Details mit Kollegen und Kunden<\/li><li>Unterst\u00fctzung der Anwendungsberater und Kundenbetreuung bei Projekten<\/li><li>Technische Zuarbeit f\u00fcr die Erstellung von Anwenderdokumentationen<\/li><li>Mitwirkung in der kontinuierlichen Produktentwicklung durch intensiven Austausch mit der Programmierung<\/li><\/ul><p><strong>Dein Profil:<\/strong><\/p><ul><li>Erfahrung im Bereich Kunden- und Softwaresupport<\/li><li>Gute IT-\/Softwarekenntnisse<\/li><li>F\u00e4higkeit, komplexe Sachverhalte und Wissen souver\u00e4n zu vermitteln<\/li><li>Zuverl\u00e4ssige, strukturierte und zielorientierte Arbeitsweise<\/li><\/ul><p><strong>Dein Benefit:<\/strong><\/p><ul><li>Modernes Arbeitsumfeld in einer attraktiven Umgebung<\/li><li>Unbefristeter Arbeitsvertrag<\/li><li>Leistungsgerechte Verg\u00fctung und Zuschuss zur betrieblichen Altersvorsorge<\/li><li>Betriebliche Krankenversicherung mit Chefarztbehandlung und Zahnzusatz<\/li><li>Flache Hierarchien und wertsch\u00e4tzender Umgang<\/li><li>Abwechslungsreiche T\u00e4tigkeit in einem engagierten Team<\/li><li>M\u00f6glichkeit zur Arbeit im Homeoffice<\/li><\/ul><p><a href=\"mailto:bewerbung@mein-bbn.de\"><span style=\"text-decoration: underline;\"><strong>Schreib uns gerne<\/strong><\/span><\/a><\/p><\/div>\n\t\t\t\t<\/div>\n\t\t\t\t\t\t\t<div class=\"elementor-toggle-item\">\n\t\t\t\t\t<h2 id=\"elementor-tab-title-1403\" class=\"elementor-tab-title\" data-tab=\"3\" role=\"button\" aria-controls=\"elementor-tab-content-1403\" aria-expanded=\"false\">\n\t\t\t\t\t\t\t\t\t\t\t\t<span class=\"elementor-toggle-icon elementor-toggle-icon-right\" aria-hidden=\"true\">\n\t\t\t\t\t\t\t\t\t\t\t\t\t\t\t<span class=\"elementor-toggle-icon-closed\"><svg xmlns=\"http:\/\/www.w3.org\/2000\/svg\" id=\"a\" width=\"37.8801\" height=\"37\" viewBox=\"0 0 37.8801 37\"><polygon points=\"37.3801 14 23.72 14 23.72 .5 23.72 0 23.22 0 14.66 0 14.16 0 14.16 .5 14.16 14 .5 14 0 14 0 14.5 0 22.5 0 23 .5 23 14.16 23 14.16 36.5 14.16 37 14.66 37 23.22 37 23.72 37 23.72 36.5 23.72 23 37.3801 23 37.8801 23 37.8801 22.5 37.8801 14.5 37.8801 14 37.3801 14\"><\/polygon><\/svg><\/span>\n\t\t\t\t\t\t\t\t<span class=\"elementor-toggle-icon-opened\"><i class=\"elementor-toggle-icon-opened fas fa-minus\"><\/i><\/span>\n\t\t\t\t\t\t\t\t\t\t\t\t\t<\/span>\n\t\t\t\t\t\t\t\t\t\t\t\t<a class=\"elementor-toggle-title\" tabindex=\"0\">Anwendungsberater\/Consultant <\/a>\n\t\t\t\t\t<\/h2>\n\n\t\t\t\t\t<div id=\"elementor-tab-content-1403\" class=\"elementor-tab-content elementor-clearfix\" data-tab=\"3\" role=\"region\" aria-labelledby=\"elementor-tab-title-1403\"><p><strong>Schwerpunkt: Zeitwirtschaft und Personalwesen<\/strong><\/p><p><strong>Deine Aufgaben:<\/strong><\/p><ul><li>Beratung und Implementierung unserer Softwarel\u00f6sungen im Bereich der Zeiterfassung, Personaleinsatzplanung und Zutrittskontrolle<\/li><li>Begleitung unserer Neu- und Bestandskunden bei Systemeinf\u00fchrungen und Erweiterungen<\/li><li>Schulung und Anwenderbetreuung bei unseren Kunden vor Ort, sowie per Telefon und Fernwartung<\/li><li>Gemeinsame Ausarbeitung und Erstellung von L\u00f6sungskonzepten f\u00fcr die sachliche Weiterentwicklung unserer Anwendungen<\/li><\/ul><p><strong>Dein Profil:<\/strong><\/p><ul><li>Fundierte Kenntnisse im Bereich Personalwesen sowie in den Prozessabl\u00e4ufen der Personalzeitwirtschaft<\/li><li>Sehr gute Windows- und Netzwerkkenntnisse<\/li><li>F\u00e4higkeit, komplexe Sachverhalte und Wissen souver\u00e4n zu vermitteln<\/li><li>Reisebereitschaft, vorrangig S\u00fcddeutschland<\/li><\/ul><p><strong>Dein Benefit:<\/strong><\/p><ul><li>Modernes Arbeitsumfeld in einer attraktiven Umgebung<\/li><li>Leistungsgerechte Verg\u00fctung und Zuschuss zur betrieblichen Altersvorsorge<\/li><li>Betriebliche Krankenversicherung mit Chefarztbehandlung und Zahnzusatz<\/li><li>Firmenfahrzeug und Smartphone zur Privatnutzung<\/li><li>Flexible Arbeitszeiten<\/li><li>Flache Hierarchien und wertsch\u00e4tzender Umgang<\/li><li>M\u00f6glichkeit zur Arbeit im Homeoffice<\/li><\/ul><p><a href=\"mailto:bewerbung@mein-bbn.de\"><span style=\"text-decoration: underline;\"><strong>Schreib uns gerne<\/strong><\/span><\/a><\/p><\/div>\n\t\t\t\t<\/div>\n\t\t\t\t\t\t\t<div class=\"elementor-toggle-item\">\n\t\t\t\t\t<h2 id=\"elementor-tab-title-1404\" class=\"elementor-tab-title\" data-tab=\"4\" role=\"button\" aria-controls=\"elementor-tab-content-1404\" aria-expanded=\"false\">\n\t\t\t\t\t\t\t\t\t\t\t\t<span class=\"elementor-toggle-icon elementor-toggle-icon-right\" aria-hidden=\"true\">\n\t\t\t\t\t\t\t\t\t\t\t\t\t\t\t<span class=\"elementor-toggle-icon-closed\"><svg xmlns=\"http:\/\/www.w3.org\/2000\/svg\" id=\"a\" width=\"37.8801\" height=\"37\" viewBox=\"0 0 37.8801 37\"><polygon points=\"37.3801 14 23.72 14 23.72 .5 23.72 0 23.22 0 14.66 0 14.16 0 14.16 .5 14.16 14 .5 14 0 14 0 14.5 0 22.5 0 23 .5 23 14.16 23 14.16 36.5 14.16 37 14.66 37 23.22 37 23.72 37 23.72 36.5 23.72 23 37.3801 23 37.8801 23 37.8801 22.5 37.8801 14.5 37.8801 14 37.3801 14\"><\/polygon><\/svg><\/span>\n\t\t\t\t\t\t\t\t<span class=\"elementor-toggle-icon-opened\"><i class=\"elementor-toggle-icon-opened fas fa-minus\"><\/i><\/span>\n\t\t\t\t\t\t\t\t\t\t\t\t\t<\/span>\n\t\t\t\t\t\t\t\t\t\t\t\t<a class=\"elementor-toggle-title\" tabindex=\"0\">Mitarbeiter Kundenbetreuung<\/a>\n\t\t\t\t\t<\/h2>\n\n\t\t\t\t\t<div id=\"elementor-tab-content-1404\" class=\"elementor-tab-content elementor-clearfix\" data-tab=\"4\" role=\"region\" aria-labelledby=\"elementor-tab-title-1404\"><p><strong>Voll- oder Teilzeit<\/strong><\/p><p><strong>Deine Aufgaben:<\/strong><\/p><ul><li>Du bist erster Ansprechpartner f\u00fcr unsere Kunden und Partner<\/li><li>Erfassen von Anfragen und Weitergabe an die entsprechenden Fachbereiche<\/li><li>Du beh\u00e4ltst den \u00dcberblick \u00fcber laufende Kundenprojekte<\/li><li>Pflege unseres CRM- und Supportsystems<\/li><\/ul><p><strong>Dein Profil:<\/strong><\/p><ul><li>Abgeschlossene kaufm\u00e4nnische Ausbildung oder vergleichbare Qualifikation<\/li><li>Eine hohe Kundenorientierung zeichnet Sie aus<\/li><li>Du kannst komplexe Informationen aufnehmen, Zusammenh\u00e4nge erkennen und zielgerichtet weitergeben<\/li><li>Du bist fit im Umgang mit MS-Office sowie den g\u00e4ngigen CRM-Software-Anwendungen<\/li><\/ul><p><strong>Dein Benefit:<\/strong><\/p><ul><li>Umfassende Einarbeitung in alle relevanten Unternehmensbereiche<\/li><li>Vielf\u00e4ltige Aufgaben und Gestaltungsm\u00f6glichkeiten<\/li><li>Leistungsgerechte Verg\u00fctung und Zuschuss zur betrieblichen Altersvorsorge<\/li><li>Betriebliche Krankenversicherung mit Chefarztbehandlung und Zahnzusatz<\/li><li>Flache Hierarchien und wertsch\u00e4tzender Umgang<\/li><li>Abwechslungsreiche T\u00e4tigkeit in einem engangierten Team<\/li><\/ul><p><a href=\"mailto:bewerbung@mein-bbn.de\"><span style=\"text-decoration: underline;\"><strong>Schreib uns gerne<\/strong><\/span><\/a><\/p><\/div>\n\t\t\t\t<\/div>\n\t\t\t\t\t\t\t\t<\/div>\n\t\t\t\t\t\t<\/div>\n\t\t\t\t<\/div>\n\t\t\t\t<\/div>\n\t\t<div class=\"elementor-element elementor-element-e8e6cc7 e-flex e-con-boxed e-con e-parent\" data-id=\"e8e6cc7\" data-element_type=\"container\" data-e-type=\"container\" data-settings=\"{&quot;background_background&quot;:&quot;classic&quot;}\">\n\t\t\t\t\t<div class=\"e-con-inner\">\n\t\t\t\t<div class=\"elementor-element elementor-element-1aa083f elementor-widget elementor-widget-heading\" data-id=\"1aa083f\" data-element_type=\"widget\" data-e-type=\"widget\" data-widget_type=\"heading.default\">\n\t\t\t\t<div class=\"elementor-widget-container\">\n\t\t\t\t\t<h2 class=\"elementor-heading-title elementor-size-default\">Kein passender Job dabei?<\/h2>\t\t\t\t<\/div>\n\t\t\t\t<\/div>\n\t\t\t\t<div class=\"elementor-element elementor-element-a6f194a elementor-widget elementor-widget-heading\" data-id=\"a6f194a\" data-element_type=\"widget\" data-e-type=\"widget\" data-widget_type=\"heading.default\">\n\t\t\t\t<div class=\"elementor-widget-container\">\n\t\t\t\t\t<div class=\"elementor-heading-title elementor-size-default\">Wir sind stets interessiert, spannende Bewerbungen zu sichten. Wenn du Interesse hast, Teil unseres Teams zu werden, dann freuen wir uns auf deine aussagekr\u00e4ftige Initiativbewerbung.<\/div>\t\t\t\t<\/div>\n\t\t\t\t<\/div>\n\t\t<div class=\"elementor-element elementor-element-f7f45c9 e-flex e-con-boxed e-con e-child\" data-id=\"f7f45c9\" data-element_type=\"container\" data-e-type=\"container\">\n\t\t\t\t\t<div class=\"e-con-inner\">\n\t\t<div class=\"elementor-element elementor-element-1e913c9 e-con-full e-flex e-con e-child\" data-id=\"1e913c9\" data-element_type=\"container\" data-e-type=\"container\" data-settings=\"{&quot;background_background&quot;:&quot;classic&quot;}\">\n\t\t\t\t<div class=\"elementor-element elementor-element-3e0355a elementor-widget__width-inherit elementor-widget-divider--view-line elementor-widget elementor-widget-divider\" data-id=\"3e0355a\" data-element_type=\"widget\" data-e-type=\"widget\" data-widget_type=\"divider.default\">\n\t\t\t\t<div class=\"elementor-widget-container\">\n\t\t\t\t\t\t\t<div class=\"elementor-divider\">\n\t\t\t<span class=\"elementor-divider-separator\">\n\t\t\t\t\t\t<\/span>\n\t\t<\/div>\n\t\t\t\t\t\t<\/div>\n\t\t\t\t<\/div>\n\t\t\t\t<div class=\"elementor-element elementor-element-ac38d31 elementor-widget elementor-widget-heading\" data-id=\"ac38d31\" data-element_type=\"widget\" data-e-type=\"widget\" data-widget_type=\"heading.default\">\n\t\t\t\t<div class=\"elementor-widget-container\">\n\t\t\t\t\t<h3 class=\"elementor-heading-title elementor-size-default\">Schreib uns eine E-Mail<\/h3>\t\t\t\t<\/div>\n\t\t\t\t<\/div>\n\t\t\t\t<div class=\"elementor-element elementor-element-f3d45ec elementor-align-center elementor-icon-list--layout-traditional elementor-list-item-link-full_width elementor-widget elementor-widget-icon-list\" data-id=\"f3d45ec\" data-element_type=\"widget\" data-e-type=\"widget\" data-widget_type=\"icon-list.default\">\n\t\t\t\t<div class=\"elementor-widget-container\">\n\t\t\t\t\t\t\t<ul class=\"elementor-icon-list-items\">\n\t\t\t\t\t\t\t<li class=\"elementor-icon-list-item\">\n\t\t\t\t\t\t\t\t\t\t\t<a href=\"mailto:bewerbung@mein-bbn.de\">\n\n\t\t\t\t\t\t\t\t\t\t\t<span class=\"elementor-icon-list-text\">bewerbung@mein-bbn.de<\/span>\n\t\t\t\t\t\t\t\t\t\t\t<\/a>\n\t\t\t\t\t\t\t\t\t<\/li>\n\t\t\t\t\t\t<\/ul>\n\t\t\t\t\t\t<\/div>\n\t\t\t\t<\/div>\n\t\t\t\t<\/div>\n\t\t<div class=\"elementor-element elementor-element-285ad6e e-con-full e-flex e-con e-child\" data-id=\"285ad6e\" data-element_type=\"container\" data-e-type=\"container\" data-settings=\"{&quot;background_background&quot;:&quot;classic&quot;}\">\n\t\t\t\t<div class=\"elementor-element elementor-element-a194e2f elementor-widget__width-inherit elementor-widget-divider--view-line elementor-widget elementor-widget-divider\" data-id=\"a194e2f\" data-element_type=\"widget\" data-e-type=\"widget\" data-widget_type=\"divider.default\">\n\t\t\t\t<div class=\"elementor-widget-container\">\n\t\t\t\t\t\t\t<div class=\"elementor-divider\">\n\t\t\t<span class=\"elementor-divider-separator\">\n\t\t\t\t\t\t<\/span>\n\t\t<\/div>\n\t\t\t\t\t\t<\/div>\n\t\t\t\t<\/div>\n\t\t\t\t<div class=\"elementor-element elementor-element-b969ea6 elementor-widget elementor-widget-heading\" data-id=\"b969ea6\" data-element_type=\"widget\" data-e-type=\"widget\" data-widget_type=\"heading.default\">\n\t\t\t\t<div class=\"elementor-widget-container\">\n\t\t\t\t\t<h3 class=\"elementor-heading-title elementor-size-default\">Ruf uns an<\/h3>\t\t\t\t<\/div>\n\t\t\t\t<\/div>\n\t\t\t\t<div class=\"elementor-element elementor-element-b808954 elementor-align-center elementor-icon-list--layout-traditional elementor-list-item-link-full_width elementor-widget elementor-widget-icon-list\" data-id=\"b808954\" data-element_type=\"widget\" data-e-type=\"widget\" data-widget_type=\"icon-list.default\">\n\t\t\t\t<div class=\"elementor-widget-container\">\n\t\t\t\t\t\t\t<ul class=\"elementor-icon-list-items\">\n\t\t\t\t\t\t\t<li class=\"elementor-icon-list-item\">\n\t\t\t\t\t\t\t\t\t\t\t<a href=\"tel:+497071938770\">\n\n\t\t\t\t\t\t\t\t\t\t\t<span class=\"elementor-icon-list-text\">+49 7071 93877-0<\/span>\n\t\t\t\t\t\t\t\t\t\t\t<\/a>\n\t\t\t\t\t\t\t\t\t<\/li>\n\t\t\t\t\t\t<\/ul>\n\t\t\t\t\t\t<\/div>\n\t\t\t\t<\/div>\n\t\t\t\t<\/div>\n\t\t\t\t\t<\/div>\n\t\t\t\t<\/div>\n\t\t\t\t\t<\/div>\n\t\t\t\t<\/div>\n\t\t<div class=\"elementor-element elementor-element-24eda5e e-con-full e-flex e-con e-parent\" data-id=\"24eda5e\" data-element_type=\"container\" data-e-type=\"container\" data-settings=\"{&quot;background_background&quot;:&quot;classic&quot;}\">\n\t\t\t\t<\/div>\n\t\t\t\t<\/div>\n\t\t","protected":false},"excerpt":{"rendered":"<p>Deine Karriere bei BBN Wir bei BBN entwickeln Software, um Menschen den Alltag einfacher zu machen. Der Mensch steht daher auch in unseren Teams im Vordergrund. Wir sind \u00fcberzeugt, dass nur mit gegenseitiger Wertsch\u00e4tzung, gemeinsamen Werten und Zielen ein offenes und weitgehend selbstgesteuertes Arbeiten m\u00f6glich ist \u2013 und wir so die optimalen L\u00f6sungen und Services [&hellip;]<\/p>\n","protected":false},"author":2,"featured_media":3924,"parent":0,"menu_order":0,"comment_status":"closed","ping_status":"closed","template":"","meta":{"footnotes":""},"class_list":["post-3949","page","type-page","status-publish","has-post-thumbnail","hentry"],"_links":{"self":[{"href":"https:\/\/mein-bbn.de\/baeckerei\/wp-json\/wp\/v2\/pages\/3949","targetHints":{"allow":["GET"]}}],"collection":[{"href":"https:\/\/mein-bbn.de\/baeckerei\/wp-json\/wp\/v2\/pages"}],"about":[{"href":"https:\/\/mein-bbn.de\/baeckerei\/wp-json\/wp\/v2\/types\/page"}],"author":[{"embeddable":true,"href":"https:\/\/mein-bbn.de\/baeckerei\/wp-json\/wp\/v2\/users\/2"}],"replies":[{"embeddable":true,"href":"https:\/\/mein-bbn.de\/baeckerei\/wp-json\/wp\/v2\/comments?post=3949"}],"version-history":[{"count":311,"href":"https:\/\/mein-bbn.de\/baeckerei\/wp-json\/wp\/v2\/pages\/3949\/revisions"}],"predecessor-version":[{"id":13611,"href":"https:\/\/mein-bbn.de\/baeckerei\/wp-json\/wp\/v2\/pages\/3949\/revisions\/13611"}],"wp:featuredmedia":[{"embeddable":true,"href":"https:\/\/mein-bbn.de\/baeckerei\/wp-json\/wp\/v2\/media\/3924"}],"wp:attachment":[{"href":"https:\/\/mein-bbn.de\/baeckerei\/wp-json\/wp\/v2\/media?parent=3949"}],"curies":[{"name":"wp","href":"https:\/\/api.w.org\/{rel}","templated":true}]}}