


{"id":3470,"date":"2023-06-19T09:16:44","date_gmt":"2023-06-19T09:16:44","guid":{"rendered":"https:\/\/mein-bbn.de\/baeckerei\/?page_id=3470"},"modified":"2025-10-10T12:39:14","modified_gmt":"2025-10-10T12:39:14","slug":"impressum","status":"publish","type":"page","link":"https:\/\/mein-bbn.de\/baeckerei\/impressum\/","title":{"rendered":"Impressum"},"content":{"rendered":"\t\t<div data-elementor-type=\"wp-page\" data-elementor-id=\"3470\" class=\"elementor elementor-3470\" data-elementor-post-type=\"page\">\n\t\t\t\t\t\t<section class=\"elementor-section elementor-top-section elementor-element elementor-element-228494e elementor-section-content-middle elementor-section-full_width elementor-section-height-default elementor-section-height-default\" data-id=\"228494e\" data-element_type=\"section\" data-e-type=\"section\" data-settings=\"{&quot;background_background&quot;:&quot;classic&quot;}\">\n\t\t\t\t\t\t<div class=\"elementor-container elementor-column-gap-no\">\n\t\t\t\t\t<div class=\"elementor-column elementor-col-100 elementor-top-column elementor-element elementor-element-5b9d211\" data-id=\"5b9d211\" data-element_type=\"column\" data-e-type=\"column\">\n\t\t\t<div class=\"elementor-widget-wrap elementor-element-populated\">\n\t\t\t\t\t\t<div class=\"elementor-element elementor-element-5dfdc84 elementor-widget elementor-widget-heading\" data-id=\"5dfdc84\" data-element_type=\"widget\" data-e-type=\"widget\" data-widget_type=\"heading.default\">\n\t\t\t\t<div class=\"elementor-widget-container\">\n\t\t\t\t\t<h1 class=\"elementor-heading-title elementor-size-default\">Impressum<\/h1>\t\t\t\t<\/div>\n\t\t\t\t<\/div>\n\t\t\t\t<section class=\"elementor-section elementor-inner-section elementor-element elementor-element-d52a7da elementor-section-content-middle elementor-section-boxed elementor-section-height-default elementor-section-height-default\" data-id=\"d52a7da\" data-element_type=\"section\" data-e-type=\"section\">\n\t\t\t\t\t\t<div class=\"elementor-container elementor-column-gap-no\">\n\t\t\t\t\t<div class=\"elementor-column elementor-col-100 elementor-inner-column elementor-element elementor-element-21ca99a\" data-id=\"21ca99a\" data-element_type=\"column\" data-e-type=\"column\">\n\t\t\t<div class=\"elementor-widget-wrap\">\n\t\t\t\t\t\t\t<\/div>\n\t\t<\/div>\n\t\t\t\t\t<\/div>\n\t\t<\/section>\n\t\t\t\t\t<\/div>\n\t\t<\/div>\n\t\t\t\t\t<\/div>\n\t\t<\/section>\n\t\t<div class=\"elementor-element elementor-element-b8041d9 e-flex e-con-boxed e-con e-parent\" data-id=\"b8041d9\" data-element_type=\"container\" data-e-type=\"container\">\n\t\t\t\t\t<div class=\"e-con-inner\">\n\t\t\t\t<div class=\"elementor-element elementor-element-f652c56 elementor-widget elementor-widget-text-editor\" data-id=\"f652c56\" data-element_type=\"widget\" data-e-type=\"widget\" data-widget_type=\"text-editor.default\">\n\t\t\t\t<div class=\"elementor-widget-container\">\n\t\t\t\t\t\t\t\t\t<h3>O.K. Software und Beratung GmbH<\/h3><p>Aalener Str. 12\/1<br \/>74429 Sulzbach-Laufen<br \/>Tel: +49 7071 93877-0<br \/>E-Mail: info@mein-bbn.de<\/p><p>Gesch\u00e4ftsf\u00fchrer:\u00a0<br \/>Michael Ott, Rolf Kr\u00e4nzlein, Michael Kr\u00e4nzlein<\/p><p>USt-ID: DE252089271<br \/>HRB 721551 AG Stuttgart<\/p>\t\t\t\t\t\t\t\t<\/div>\n\t\t\t\t<\/div>\n\t\t\t\t\t<\/div>\n\t\t\t\t<\/div>\n\t\t<div class=\"elementor-element elementor-element-acae693 e-flex e-con-boxed e-con e-parent\" data-id=\"acae693\" data-element_type=\"container\" data-e-type=\"container\">\n\t\t\t\t\t<div class=\"e-con-inner\">\n\t\t\t\t<div class=\"elementor-element elementor-element-fd2de98 elementor-widget elementor-widget-text-editor\" data-id=\"fd2de98\" data-element_type=\"widget\" data-e-type=\"widget\" data-widget_type=\"text-editor.default\">\n\t\t\t\t<div class=\"elementor-widget-container\">\n\t\t\t\t\t\t\t\t\t<h5>Angaben zu Streitschlichtungsverfahren:<\/h5><p>Gem\u00e4\u00df \u00a7 36 Verbraucherstreitbeilegungsgesetz (VSBG) weisen wir darauf hin, dass wir nicht<br \/>an einem Streitbeilegungsverfahren vor einer Verbraucherschlichtungsstelle teilnehmen und<br \/>nicht dazu verpflichtet sind.<\/p><p>Dieses Impressum gilt auch f\u00fcr unsere <a href=\"https:\/\/www.facebook.com\/OK.BBN.PEPZeit\" target=\"_blank\" rel=\"noopener\">facebook-Seite<\/a> und unsere <a href=\"https:\/\/www.instagram.com\/mein_bbn\/\" target=\"_blank\" rel=\"noopener\">Instagram-Seite<\/a>.<\/p><h5>Rechtliche Hinweise (Disclaimer)<\/h5><p>Bitte beachten Sie die wichtigen rechtlichen Hinweise zu den Inhalten und zur Verf\u00fcgbarkeit<br \/>dieser Website, zum Urheberrecht und zu externen Links.<\/p><h5>Inhalte dieser Website<\/h5><p>Die Inhalte dieses Webauftritts werden mit gr\u00f6\u00dftm\u00f6glicher Sorgfalt erstellt. Wir \u00fcbernehmen<br \/>jedoch keine Gew\u00e4hr f\u00fcr die Richtigkeit, Vollst\u00e4ndigkeit und Aktualit\u00e4t der bereitgestellten<br \/>Inhalte.<\/p><h5>Verf\u00fcgbarkeit der Website<\/h5><p>Wir werden uns bem\u00fchen, den Dienst m\u00f6glichst unterbrechungsfrei zum Abruf anzubieten.<br \/>Auch bei aller Sorgfalt k\u00f6nnen aber Ausfallzeiten nicht ausgeschlossen werden. Wir behalten<br \/>uns das Recht vor, unser Angebot jederzeit zu \u00e4ndern oder einzustellen. F\u00fcr durch nicht<br \/>fehlerfrei angelegte Dateien oder nicht fehlerfrei strukturierte Formate bedingte<br \/>Unterbrechungen oder anderweitige St\u00f6rungen k\u00f6nnen wir keine Gew\u00e4hr \u00fcbernehmen.<\/p><h5>Hinweis zum Urheberrecht<\/h5><p>Alle Inhalte und Strukturen dieser Website sind urheber- und leistungsschutzrechtlich<br \/>gesch\u00fctzt. Die Ver\u00f6ffentlichung im World Wide Web oder in sonstigen Diensten des Internets<br \/>bedeutet noch keine Einverst\u00e4ndniserkl\u00e4rung f\u00fcr eine anderweitige Nutzung durch Dritte.<br \/>Jede vom deutschen Urheberrecht nicht zugelassene Verwertung bedarf unserer vorherigen<br \/>schriftlichen Zustimmung.<br \/>Wir erlauben und begr\u00fc\u00dfen ausdr\u00fccklich das Zitieren unserer Dokumente sowie das Setzen<br \/>von Links auf unsere Website, solange kenntlich gemacht wird, dass es sich um Inhalte<br \/>unseres Webauftritts handelt und diese Inhalte nicht in Verbindung mit Inhalten Dritter<br \/>gebracht werden, die unseren Interessen widersprechen.<\/p><h5>Hinweis zur Verwendung externer Links<\/h5><p>Wir sind als Inhaltsanbieter f\u00fcr die eigenen Inhalte, die wir zur Nutzung bereithalten, nach<br \/>den allgemeinen Gesetzen verantwortlich. Von diesen eigenen Inhalten sind Querverweise<br \/>(Links) auf die von anderen Anbietern bereitgehaltenen Inhalte zu unterscheiden. Durch den<br \/>Querverweis halten wir insofern fremde Inhalte zur Nutzung bereit, die als \u201eLink\u201c mit<br \/>folgendem Symbol \uf0e4 gekennzeichnet sind.<\/p><p>Bei Links handelt es sich stets um dynamische Verweisungen. Wir haben bei der erstmaligen<br \/>Verkn\u00fcpfung zwar den fremden Inhalt daraufhin \u00fcberpr\u00fcft, ob durch ihn eine m\u00f6gliche<br \/>zivilrechtliche oder strafrechtliche Verantwortlichkeit ausgel\u00f6st wird. Wir \u00fcberpr\u00fcfen aber die<br \/>Inhalte, auf die wir in unserem Angebot verweisen, nicht st\u00e4ndig auf Ver\u00e4nderungen, die eine<br \/>Verantwortlichkeit neu begr\u00fcnden k\u00f6nnten. Wenn wir feststellen oder von anderen darauf<br \/>hingewiesen werden, dass ein konkretes Angebot, zu dem wir einen Link bereitgestellt haben,<br \/>eine zivil- oder strafrechtliche Verantwortlichkeit ausl\u00f6st, werden wir den Verweis auf dieses<br \/>Angebot aufheben.<\/p><h5>Lesbarkeit und Gleichstellung<\/h5><p>Aus Gr\u00fcnden der besseren Lesbarkeit wird an einigen Stellen auf die gleichzeitige Verwendung der Sprachformen m\u00e4nnlich, weiblich und divers (m\/w\/d) verzichtet. S\u00e4mtliche Personenbezeichnungen gelten gleicherma\u00dfen f\u00fcr alle Geschlechter.<\/p>\t\t\t\t\t\t\t\t<\/div>\n\t\t\t\t<\/div>\n\t\t\t\t\t<\/div>\n\t\t\t\t<\/div>\n\t\t\t\t<\/div>\n\t\t","protected":false},"excerpt":{"rendered":"<p>Impressum O.K. Software und Beratung GmbH Aalener Str. 12\/174429 Sulzbach-LaufenTel: +49 7071 93877-0E-Mail: info@mein-bbn.de Gesch\u00e4ftsf\u00fchrer:\u00a0Michael Ott, Rolf Kr\u00e4nzlein, Michael Kr\u00e4nzlein USt-ID: DE252089271HRB 721551 AG Stuttgart Angaben zu Streitschlichtungsverfahren: Gem\u00e4\u00df \u00a7 36 Verbraucherstreitbeilegungsgesetz (VSBG) weisen wir darauf hin, dass wir nichtan einem Streitbeilegungsverfahren vor einer Verbraucherschlichtungsstelle teilnehmen undnicht dazu verpflichtet sind. Dieses Impressum gilt auch f\u00fcr [&hellip;]<\/p>\n","protected":false},"author":3,"featured_media":4052,"parent":0,"menu_order":0,"comment_status":"closed","ping_status":"closed","template":"","meta":{"footnotes":""},"class_list":["post-3470","page","type-page","status-publish","has-post-thumbnail","hentry"],"_links":{"self":[{"href":"https:\/\/mein-bbn.de\/baeckerei\/wp-json\/wp\/v2\/pages\/3470","targetHints":{"allow":["GET"]}}],"collection":[{"href":"https:\/\/mein-bbn.de\/baeckerei\/wp-json\/wp\/v2\/pages"}],"about":[{"href":"https:\/\/mein-bbn.de\/baeckerei\/wp-json\/wp\/v2\/types\/page"}],"author":[{"embeddable":true,"href":"https:\/\/mein-bbn.de\/baeckerei\/wp-json\/wp\/v2\/users\/3"}],"replies":[{"embeddable":true,"href":"https:\/\/mein-bbn.de\/baeckerei\/wp-json\/wp\/v2\/comments?post=3470"}],"version-history":[{"count":105,"href":"https:\/\/mein-bbn.de\/baeckerei\/wp-json\/wp\/v2\/pages\/3470\/revisions"}],"predecessor-version":[{"id":11549,"href":"https:\/\/mein-bbn.de\/baeckerei\/wp-json\/wp\/v2\/pages\/3470\/revisions\/11549"}],"wp:featuredmedia":[{"embeddable":true,"href":"https:\/\/mein-bbn.de\/baeckerei\/wp-json\/wp\/v2\/media\/4052"}],"wp:attachment":[{"href":"https:\/\/mein-bbn.de\/baeckerei\/wp-json\/wp\/v2\/media?parent=3470"}],"curies":[{"name":"wp","href":"https:\/\/api.w.org\/{rel}","templated":true}]}}