


{"id":10299,"date":"2024-09-09T11:07:02","date_gmt":"2024-09-09T11:07:02","guid":{"rendered":"https:\/\/mein-bbn.de\/baeckerei\/?page_id=10299"},"modified":"2024-10-02T10:55:02","modified_gmt":"2024-10-02T10:55:02","slug":"terminvereinbarung-suedback-messe-2024","status":"publish","type":"page","link":"https:\/\/mein-bbn.de\/baeckerei\/terminvereinbarung-suedback-messe-2024\/","title":{"rendered":"Terminvereinbarung-S\u00fcdback-Messe-2024"},"content":{"rendered":"\t\t<div data-elementor-type=\"wp-page\" data-elementor-id=\"10299\" class=\"elementor elementor-10299\" data-elementor-post-type=\"page\">\n\t\t\t\t\t\t<section class=\"elementor-section elementor-top-section elementor-element elementor-element-74178d0 elementor-section-full_width elementor-section-height-default elementor-section-height-default\" data-id=\"74178d0\" data-element_type=\"section\" data-e-type=\"section\" data-settings=\"{&quot;background_background&quot;:&quot;classic&quot;,&quot;animation&quot;:&quot;none&quot;,&quot;motion_fx_motion_fx_scrolling&quot;:&quot;yes&quot;,&quot;motion_fx_devices&quot;:[&quot;desktop&quot;,&quot;tablet&quot;,&quot;mobile&quot;]}\">\n\t\t\t\t\t\t\t<div class=\"elementor-background-overlay\"><\/div>\n\t\t\t\t\t\t\t<div class=\"elementor-container elementor-column-gap-default\">\n\t\t\t\t\t<div class=\"elementor-column elementor-col-100 elementor-top-column elementor-element elementor-element-7352e8a\" data-id=\"7352e8a\" data-element_type=\"column\" data-e-type=\"column\">\n\t\t\t<div class=\"elementor-widget-wrap elementor-element-populated\">\n\t\t\t\t\t\t<div class=\"elementor-element elementor-element-402efc8 elementor-widget elementor-widget-image\" data-id=\"402efc8\" data-element_type=\"widget\" data-e-type=\"widget\" data-settings=\"{&quot;motion_fx_motion_fx_scrolling&quot;:&quot;yes&quot;,&quot;motion_fx_scale_effect&quot;:&quot;yes&quot;,&quot;motion_fx_scale_speed&quot;:{&quot;unit&quot;:&quot;px&quot;,&quot;size&quot;:2,&quot;sizes&quot;:[]},&quot;motion_fx_scale_direction&quot;:&quot;out-in&quot;,&quot;motion_fx_scale_range&quot;:{&quot;unit&quot;:&quot;%&quot;,&quot;size&quot;:&quot;&quot;,&quot;sizes&quot;:{&quot;start&quot;:20,&quot;end&quot;:80}},&quot;motion_fx_devices&quot;:[&quot;desktop&quot;,&quot;tablet&quot;,&quot;mobile&quot;]}\" data-widget_type=\"image.default\">\n\t\t\t\t<div class=\"elementor-widget-container\">\n\t\t\t\t\t\t\t\t\t\t\t\t\t\t\t<img fetchpriority=\"high\" decoding=\"async\" width=\"265\" height=\"265\" src=\"https:\/\/mein-bbn.de\/baeckerei\/wp-content\/uploads\/2024\/09\/Group-1551.webp\" class=\"attachment-full size-full wp-image-10301\" alt=\"\" srcset=\"https:\/\/mein-bbn.de\/baeckerei\/wp-content\/uploads\/2024\/09\/Group-1551.webp 265w, https:\/\/mein-bbn.de\/baeckerei\/wp-content\/uploads\/2024\/09\/Group-1551-150x150.webp 150w, https:\/\/mein-bbn.de\/baeckerei\/wp-content\/uploads\/2024\/09\/Group-1551-200x200.webp 200w, https:\/\/mein-bbn.de\/baeckerei\/wp-content\/uploads\/2024\/09\/Group-1551-50x50.png 50w, https:\/\/mein-bbn.de\/baeckerei\/wp-content\/uploads\/2024\/09\/Group-1551-100x100.png 100w\" sizes=\"(max-width: 265px) 100vw, 265px\" \/>\t\t\t\t\t\t\t\t\t\t\t\t\t\t\t<\/div>\n\t\t\t\t<\/div>\n\t\t\t\t\t<\/div>\n\t\t<\/div>\n\t\t\t\t\t<\/div>\n\t\t<\/section>\n\t\t\t\t<section class=\"elementor-section elementor-top-section elementor-element elementor-element-c2d321b elementor-section-content-middle elementor-section-full_width elementor-section-height-default elementor-section-height-default\" data-id=\"c2d321b\" data-element_type=\"section\" data-e-type=\"section\" data-settings=\"{&quot;background_background&quot;:&quot;classic&quot;}\">\n\t\t\t\t\t\t<div class=\"elementor-container elementor-column-gap-no\">\n\t\t\t\t\t<div class=\"elementor-column elementor-col-100 elementor-top-column elementor-element elementor-element-5d84f58\" data-id=\"5d84f58\" data-element_type=\"column\" data-e-type=\"column\">\n\t\t\t<div class=\"elementor-widget-wrap elementor-element-populated\">\n\t\t\t\t\t\t<div class=\"elementor-element elementor-element-d6406c9 elementor-widget elementor-widget-heading\" data-id=\"d6406c9\" data-element_type=\"widget\" data-e-type=\"widget\" data-widget_type=\"heading.default\">\n\t\t\t\t<div class=\"elementor-widget-container\">\n\t\t\t\t\t<h1 class=\"elementor-heading-title elementor-size-default\">S\u00fcdback 2024: Termin sichern!<\/h1>\t\t\t\t<\/div>\n\t\t\t\t<\/div>\n\t\t\t\t<section class=\"elementor-section elementor-inner-section elementor-element elementor-element-1831c32 elementor-section-content-middle elementor-section-boxed elementor-section-height-default elementor-section-height-default\" data-id=\"1831c32\" data-element_type=\"section\" data-e-type=\"section\">\n\t\t\t\t\t\t<div class=\"elementor-container elementor-column-gap-no\">\n\t\t\t\t\t<div class=\"elementor-column elementor-col-100 elementor-inner-column elementor-element elementor-element-a1893ad\" data-id=\"a1893ad\" data-element_type=\"column\" data-e-type=\"column\">\n\t\t\t<div class=\"elementor-widget-wrap elementor-element-populated\">\n\t\t\t\t\t\t<div class=\"elementor-element elementor-element-ca19ace elementor-widget elementor-widget-text-editor\" data-id=\"ca19ace\" data-element_type=\"widget\" data-e-type=\"widget\" data-widget_type=\"text-editor.default\">\n\t\t\t\t<div class=\"elementor-widget-container\">\n\t\t\t\t\t\t\t\t\t<p><strong>Lass uns auf der S\u00fcdback 2024 pers\u00f6nlich treffen!<\/strong><br \/>Sichere dir jetzt deinen Termin und entdecke unsere neuesten Ideen und L\u00f6sungen. Wir freuen uns auf den Austausch mit dir!<\/p>\t\t\t\t\t\t\t\t<\/div>\n\t\t\t\t<\/div>\n\t\t\t\t\t<\/div>\n\t\t<\/div>\n\t\t\t\t\t<\/div>\n\t\t<\/section>\n\t\t\t\t\t<\/div>\n\t\t<\/div>\n\t\t\t\t\t<\/div>\n\t\t<\/section>\n\t\t<div class=\"elementor-element elementor-element-ebba621 e-flex e-con-boxed e-con e-parent\" data-id=\"ebba621\" data-element_type=\"container\" data-e-type=\"container\">\n\t\t\t\t\t<div class=\"e-con-inner\">\n\t\t\t\t<div class=\"elementor-element elementor-element-3d142a9 elementor-widget elementor-widget-html\" data-id=\"3d142a9\" data-element_type=\"widget\" data-e-type=\"widget\" data-widget_type=\"html.default\">\n\t\t\t\t<div class=\"elementor-widget-container\">\n\t\t\t\t\t<!-- Cal inline embed code begins -->\n<div style=\"width:100%;height:100%;overflow:scroll\" id=\"my-cal-inline\"><\/div>\n<script type=\"text\/javascript\">\n  (function (C, A, L) { let p = function (a, ar) { a.q.push(ar); }; let d = C.document; C.Cal = C.Cal || function () { let cal = C.Cal; let ar = arguments; if (!cal.loaded) { cal.ns = {}; cal.q = cal.q || []; d.head.appendChild(d.createElement(\"script\")).src = A; cal.loaded = true; } if (ar[0] === L) { const api = function () { p(api, arguments); }; const namespace = ar[1]; api.q = api.q || []; if(typeof namespace === \"string\"){cal.ns[namespace] = cal.ns[namespace] || api;p(cal.ns[namespace], ar);p(cal, [\"initNamespace\", namespace]);} else p(cal, ar); return;} p(cal, ar); }; })(window, \"https:\/\/app.cal.com\/embed\/embed.js\", \"init\");\nCal(\"init\", \"bbn-terminbuchung-sudback-2024\", {origin:\"https:\/\/cal.com\"});\n\n  Cal.ns[\"bbn-terminbuchung-sudback-2024\"](\"inline\", {\n    elementOrSelector:\"#my-cal-inline\",\n    config: {\"layout\":\"month_view\"},\n    calLink: \"bbnkasse\/bbn-terminbuchung-sudback-2024\",\n  });\n\n  Cal.ns[\"bbn-terminbuchung-sudback-2024\"](\"ui\", {\"styles\":{\"branding\":{\"brandColor\":\"#000000\"}},\"hideEventTypeDetails\":false,\"layout\":\"month_view\"});\n  <\/script>\n  <!-- Cal inline embed code ends -->\t\t\t\t<\/div>\n\t\t\t\t<\/div>\n\t\t\t\t\t<\/div>\n\t\t\t\t<\/div>\n\t\t<div class=\"elementor-element elementor-element-e56c79c e-con-full e-flex e-con e-parent\" data-id=\"e56c79c\" data-element_type=\"container\" data-e-type=\"container\" data-settings=\"{&quot;background_background&quot;:&quot;classic&quot;}\">\n\t\t\t\t<div class=\"elementor-element elementor-element-3f03f11 elementor-widget elementor-widget-heading\" data-id=\"3f03f11\" data-element_type=\"widget\" data-e-type=\"widget\" data-widget_type=\"heading.default\">\n\t\t\t\t<div class=\"elementor-widget-container\">\n\t\t\t\t\t<h2 class=\"elementor-heading-title elementor-size-default\">BBN - die digitale Heimat\nf\u00fcr B\u00e4ckereien und Konditoreien<\/h2>\t\t\t\t<\/div>\n\t\t\t\t<\/div>\n\t\t\t\t<\/div>\n\t\t<div class=\"elementor-element elementor-element-e8629e5 e-flex e-con-boxed e-con e-parent\" data-id=\"e8629e5\" data-element_type=\"container\" data-e-type=\"container\" data-settings=\"{&quot;background_background&quot;:&quot;classic&quot;}\">\n\t\t\t\t\t<div class=\"e-con-inner\">\n\t\t<div class=\"elementor-element elementor-element-3674815 e-con-full e-flex e-con e-child\" data-id=\"3674815\" data-element_type=\"container\" data-e-type=\"container\">\n\t\t\t\t<div class=\"elementor-element elementor-element-40862b3 elementor-widget-tablet__width-initial elementor-position-inline-start elementor-widget__width-initial elementor-view-default elementor-mobile-position-block-start elementor-widget elementor-widget-icon-box\" data-id=\"40862b3\" data-element_type=\"widget\" data-e-type=\"widget\" data-widget_type=\"icon-box.default\">\n\t\t\t\t<div class=\"elementor-widget-container\">\n\t\t\t\t\t\t\t<div class=\"elementor-icon-box-wrapper\">\n\n\t\t\t\t\t\t<div class=\"elementor-icon-box-icon\">\n\t\t\t\t<span  class=\"elementor-icon elementor-animation-shrink\">\n\t\t\t\t<svg xmlns=\"http:\/\/www.w3.org\/2000\/svg\" width=\"40\" height=\"40\" viewBox=\"0 0 40 40\" fill=\"none\"><path fill-rule=\"evenodd\" clip-rule=\"evenodd\" d=\"M5.84761 17.6633C6.97685 16.4965 8.82484 16.4965 9.95407 17.6633L15.2579 23.1439C18.3689 20.5375 24.6357 15.4459 31.7948 9.63877C33.9856 7.84606 36.0515 10.1979 34.1384 12.1288L17.3109 29.5096C16.1687 30.6898 14.3579 30.6653 13.2049 29.5096L5.84706 21.9066C4.7173 20.7392 4.71782 18.8301 5.84757 17.6633L5.84761 17.6633Z\" fill=\"black\"><\/path><\/svg>\t\t\t\t<\/span>\n\t\t\t<\/div>\n\t\t\t\n\t\t\t\t\t\t<div class=\"elementor-icon-box-content\">\n\n\t\t\t\t\t\t\t\t\t<div class=\"elementor-icon-box-title\">\n\t\t\t\t\t\t<span  >\n\t\t\t\t\t\t\t15 Jahre Software-Entwicklung\t\t\t\t\t\t<\/span>\n\t\t\t\t\t<\/div>\n\t\t\t\t\n\t\t\t\t\n\t\t\t<\/div>\n\t\t\t\n\t\t<\/div>\n\t\t\t\t\t\t<\/div>\n\t\t\t\t<\/div>\n\t\t\t\t<div class=\"elementor-element elementor-element-1d4ea4d elementor-widget-tablet__width-initial elementor-position-inline-start elementor-widget__width-initial elementor-view-default elementor-mobile-position-block-start elementor-widget elementor-widget-icon-box\" data-id=\"1d4ea4d\" data-element_type=\"widget\" data-e-type=\"widget\" data-widget_type=\"icon-box.default\">\n\t\t\t\t<div class=\"elementor-widget-container\">\n\t\t\t\t\t\t\t<div class=\"elementor-icon-box-wrapper\">\n\n\t\t\t\t\t\t<div class=\"elementor-icon-box-icon\">\n\t\t\t\t<span  class=\"elementor-icon elementor-animation-shrink\">\n\t\t\t\t<svg xmlns=\"http:\/\/www.w3.org\/2000\/svg\" width=\"40\" height=\"40\" viewBox=\"0 0 40 40\" fill=\"none\"><path fill-rule=\"evenodd\" clip-rule=\"evenodd\" d=\"M5.84761 17.6633C6.97685 16.4965 8.82484 16.4965 9.95407 17.6633L15.2579 23.1439C18.3689 20.5375 24.6357 15.4459 31.7948 9.63877C33.9856 7.84606 36.0515 10.1979 34.1384 12.1288L17.3109 29.5096C16.1687 30.6898 14.3579 30.6653 13.2049 29.5096L5.84706 21.9066C4.7173 20.7392 4.71782 18.8301 5.84757 17.6633L5.84761 17.6633Z\" fill=\"black\"><\/path><\/svg>\t\t\t\t<\/span>\n\t\t\t<\/div>\n\t\t\t\n\t\t\t\t\t\t<div class=\"elementor-icon-box-content\">\n\n\t\t\t\t\t\t\t\t\t<div class=\"elementor-icon-box-title\">\n\t\t\t\t\t\t<span  >\n\t\t\t\t\t\t\tPartnerschaftliche Entwicklung\t\t\t\t\t\t<\/span>\n\t\t\t\t\t<\/div>\n\t\t\t\t\n\t\t\t\t\n\t\t\t<\/div>\n\t\t\t\n\t\t<\/div>\n\t\t\t\t\t\t<\/div>\n\t\t\t\t<\/div>\n\t\t\t\t<div class=\"elementor-element elementor-element-caa9992 elementor-widget-tablet__width-initial elementor-position-inline-start elementor-widget__width-initial elementor-view-default elementor-mobile-position-block-start elementor-widget elementor-widget-icon-box\" data-id=\"caa9992\" data-element_type=\"widget\" data-e-type=\"widget\" data-widget_type=\"icon-box.default\">\n\t\t\t\t<div class=\"elementor-widget-container\">\n\t\t\t\t\t\t\t<div class=\"elementor-icon-box-wrapper\">\n\n\t\t\t\t\t\t<div class=\"elementor-icon-box-icon\">\n\t\t\t\t<span  class=\"elementor-icon elementor-animation-shrink\">\n\t\t\t\t<svg xmlns=\"http:\/\/www.w3.org\/2000\/svg\" width=\"40\" height=\"40\" viewBox=\"0 0 40 40\" fill=\"none\"><path fill-rule=\"evenodd\" clip-rule=\"evenodd\" d=\"M5.84761 17.6633C6.97685 16.4965 8.82484 16.4965 9.95407 17.6633L15.2579 23.1439C18.3689 20.5375 24.6357 15.4459 31.7948 9.63877C33.9856 7.84606 36.0515 10.1979 34.1384 12.1288L17.3109 29.5096C16.1687 30.6898 14.3579 30.6653 13.2049 29.5096L5.84706 21.9066C4.7173 20.7392 4.71782 18.8301 5.84757 17.6633L5.84761 17.6633Z\" fill=\"black\"><\/path><\/svg>\t\t\t\t<\/span>\n\t\t\t<\/div>\n\t\t\t\n\t\t\t\t\t\t<div class=\"elementor-icon-box-content\">\n\n\t\t\t\t\t\t\t\t\t<div class=\"elementor-icon-box-title\">\n\t\t\t\t\t\t<span  >\n\t\t\t\t\t\t\tKnow-how aus der B\u00e4ckereibranche\t\t\t\t\t\t<\/span>\n\t\t\t\t\t<\/div>\n\t\t\t\t\n\t\t\t\t\n\t\t\t<\/div>\n\t\t\t\n\t\t<\/div>\n\t\t\t\t\t\t<\/div>\n\t\t\t\t<\/div>\n\t\t\t\t<div class=\"elementor-element elementor-element-634833f elementor-widget-tablet__width-initial elementor-position-inline-start elementor-widget__width-initial elementor-view-default elementor-mobile-position-block-start elementor-widget elementor-widget-icon-box\" data-id=\"634833f\" data-element_type=\"widget\" data-e-type=\"widget\" data-widget_type=\"icon-box.default\">\n\t\t\t\t<div class=\"elementor-widget-container\">\n\t\t\t\t\t\t\t<div class=\"elementor-icon-box-wrapper\">\n\n\t\t\t\t\t\t<div class=\"elementor-icon-box-icon\">\n\t\t\t\t<span  class=\"elementor-icon elementor-animation-shrink\">\n\t\t\t\t<svg xmlns=\"http:\/\/www.w3.org\/2000\/svg\" width=\"40\" height=\"40\" viewBox=\"0 0 40 40\" fill=\"none\"><path fill-rule=\"evenodd\" clip-rule=\"evenodd\" d=\"M5.84761 17.6633C6.97685 16.4965 8.82484 16.4965 9.95407 17.6633L15.2579 23.1439C18.3689 20.5375 24.6357 15.4459 31.7948 9.63877C33.9856 7.84606 36.0515 10.1979 34.1384 12.1288L17.3109 29.5096C16.1687 30.6898 14.3579 30.6653 13.2049 29.5096L5.84706 21.9066C4.7173 20.7392 4.71782 18.8301 5.84757 17.6633L5.84761 17.6633Z\" fill=\"black\"><\/path><\/svg>\t\t\t\t<\/span>\n\t\t\t<\/div>\n\t\t\t\n\t\t\t\t\t\t<div class=\"elementor-icon-box-content\">\n\n\t\t\t\t\t\t\t\t\t<div class=\"elementor-icon-box-title\">\n\t\t\t\t\t\t<span  >\n\t\t\t\t\t\t\tDeutschlandweit in deiner N\u00e4he\t\t\t\t\t\t<\/span>\n\t\t\t\t\t<\/div>\n\t\t\t\t\n\t\t\t\t\n\t\t\t<\/div>\n\t\t\t\n\t\t<\/div>\n\t\t\t\t\t\t<\/div>\n\t\t\t\t<\/div>\n\t\t\t\t<\/div>\n\t\t\t\t\t<\/div>\n\t\t\t\t<\/div>\n\t\t<div class=\"elementor-element elementor-element-34df84b0 e-flex e-con-boxed e-con e-parent\" data-id=\"34df84b0\" data-element_type=\"container\" data-e-type=\"container\" data-settings=\"{&quot;background_background&quot;:&quot;classic&quot;}\">\n\t\t\t\t\t<div class=\"e-con-inner\">\n\t\t<div class=\"elementor-element elementor-element-4d7bde30 e-con-full e-flex e-con e-child\" data-id=\"4d7bde30\" data-element_type=\"container\" data-e-type=\"container\">\n\t\t\t\t<div class=\"elementor-element elementor-element-7e9bfa32 elementor-widget elementor-widget-heading\" data-id=\"7e9bfa32\" data-element_type=\"widget\" data-e-type=\"widget\" data-widget_type=\"heading.default\">\n\t\t\t\t<div class=\"elementor-widget-container\">\n\t\t\t\t\t<h2 class=\"elementor-heading-title elementor-size-default\">Die BBN Produktfamilie<\/h2>\t\t\t\t<\/div>\n\t\t\t\t<\/div>\n\t\t\t\t<div class=\"elementor-element elementor-element-7b2050b2 elementor-widget elementor-widget-heading\" data-id=\"7b2050b2\" data-element_type=\"widget\" data-e-type=\"widget\" data-widget_type=\"heading.default\">\n\t\t\t\t<div class=\"elementor-widget-container\">\n\t\t\t\t\t<h5 class=\"elementor-heading-title elementor-size-default\">Unsere Produktfamilie schafft mit innovativen IT-Komplettl\u00f6sungen mehr M\u00f6glichkeiten f\u00fcr die Lebensmittelbranche. Lern jetzt unsere L\u00f6sungen kennen!<\/h5>\t\t\t\t<\/div>\n\t\t\t\t<\/div>\n\t\t\t\t<\/div>\n\t\t<div class=\"elementor-element elementor-element-51016136 e-con-full e-flex e-con e-child\" data-id=\"51016136\" data-element_type=\"container\" data-e-type=\"container\">\n\t\t\t\t<div class=\"elementor-element elementor-element-55b8bfdd elementor-widget-tablet__width-initial elementor-widget-mobile__width-inherit elementor-widget__width-initial elementor-position-top elementor-widget elementor-widget-image-box\" data-id=\"55b8bfdd\" data-element_type=\"widget\" data-e-type=\"widget\" data-widget_type=\"image-box.default\">\n\t\t\t\t<div class=\"elementor-widget-container\">\n\t\t\t\t\t<div class=\"elementor-image-box-wrapper\"><figure class=\"elementor-image-box-img\"><a href=\"https:\/\/library.elementor.com\/local-services-wireframe-1-flexbox\/services\/#service_1\" tabindex=\"-1\" target=\"_blank\" rel=\"noopener\"><img decoding=\"async\" width=\"662\" height=\"607\" src=\"https:\/\/mein-bbn.de\/baeckerei\/wp-content\/uploads\/2023\/04\/Menue-Warenwirtschaft-1.jpg\" class=\"elementor-animation-grow attachment-full size-full wp-image-3014\" alt=\"BBN-Software Menue Warenwirtschaft\" srcset=\"https:\/\/mein-bbn.de\/baeckerei\/wp-content\/uploads\/2023\/04\/Menue-Warenwirtschaft-1.jpg 662w, https:\/\/mein-bbn.de\/baeckerei\/wp-content\/uploads\/2023\/04\/Menue-Warenwirtschaft-1-300x275.jpg 300w, https:\/\/mein-bbn.de\/baeckerei\/wp-content\/uploads\/2023\/04\/Menue-Warenwirtschaft-1-200x183.jpg 200w\" sizes=\"(max-width: 662px) 100vw, 662px\" \/><\/a><\/figure><div class=\"elementor-image-box-content\"><h4 class=\"elementor-image-box-title\"><a href=\"https:\/\/library.elementor.com\/local-services-wireframe-1-flexbox\/services\/#service_1\" target=\"_blank\" rel=\"noopener\">BBN-Software<\/a><\/h4><p class=\"elementor-image-box-description\">Die durchdachte B\u00e4ckerei Software. <\/p><\/div><\/div>\t\t\t\t<\/div>\n\t\t\t\t<\/div>\n\t\t\t\t<div class=\"elementor-element elementor-element-24882020 elementor-widget-tablet__width-initial elementor-widget-mobile__width-inherit elementor-widget__width-initial elementor-position-top elementor-widget elementor-widget-image-box\" data-id=\"24882020\" data-element_type=\"widget\" data-e-type=\"widget\" data-widget_type=\"image-box.default\">\n\t\t\t\t<div class=\"elementor-widget-container\">\n\t\t\t\t\t<div class=\"elementor-image-box-wrapper\"><figure class=\"elementor-image-box-img\"><a href=\"https:\/\/library.elementor.com\/local-services-wireframe-1-flexbox\/services\/#service_2\" tabindex=\"-1\" target=\"_blank\" rel=\"noopener\"><img decoding=\"async\" width=\"662\" height=\"607\" src=\"https:\/\/mein-bbn.de\/baeckerei\/wp-content\/uploads\/2023\/04\/Menue-Kassensystem-1.jpg\" class=\"elementor-animation-grow attachment-full size-full wp-image-3012\" alt=\"BBN-Kasse Darstellung Rueckgeld\" srcset=\"https:\/\/mein-bbn.de\/baeckerei\/wp-content\/uploads\/2023\/04\/Menue-Kassensystem-1.jpg 662w, https:\/\/mein-bbn.de\/baeckerei\/wp-content\/uploads\/2023\/04\/Menue-Kassensystem-1-300x275.jpg 300w, https:\/\/mein-bbn.de\/baeckerei\/wp-content\/uploads\/2023\/04\/Menue-Kassensystem-1-200x183.jpg 200w\" sizes=\"(max-width: 662px) 100vw, 662px\" \/><\/a><\/figure><div class=\"elementor-image-box-content\"><h4 class=\"elementor-image-box-title\"><a href=\"https:\/\/library.elementor.com\/local-services-wireframe-1-flexbox\/services\/#service_2\" target=\"_blank\" rel=\"noopener\">BBN-Kasse<\/a><\/h4><p class=\"elementor-image-box-description\">Das smarte Kassensystem. <\/p><\/div><\/div>\t\t\t\t<\/div>\n\t\t\t\t<\/div>\n\t\t\t\t<div class=\"elementor-element elementor-element-3d24de54 elementor-widget-tablet__width-initial elementor-widget-mobile__width-inherit elementor-widget__width-initial elementor-position-top elementor-widget elementor-widget-image-box\" data-id=\"3d24de54\" data-element_type=\"widget\" data-e-type=\"widget\" data-widget_type=\"image-box.default\">\n\t\t\t\t<div class=\"elementor-widget-container\">\n\t\t\t\t\t<div class=\"elementor-image-box-wrapper\"><figure class=\"elementor-image-box-img\"><a href=\"https:\/\/library.elementor.com\/local-services-wireframe-1-flexbox\/services\/#service_3\" tabindex=\"-1\" target=\"_blank\" rel=\"noopener\"><img loading=\"lazy\" decoding=\"async\" width=\"662\" height=\"607\" src=\"https:\/\/mein-bbn.de\/baeckerei\/wp-content\/uploads\/2023\/04\/Menue-Connect-1.jpg\" class=\"elementor-animation-grow attachment-full size-full wp-image-3011\" alt=\"BBN-Connect Devices\" srcset=\"https:\/\/mein-bbn.de\/baeckerei\/wp-content\/uploads\/2023\/04\/Menue-Connect-1.jpg 662w, https:\/\/mein-bbn.de\/baeckerei\/wp-content\/uploads\/2023\/04\/Menue-Connect-1-300x275.jpg 300w, https:\/\/mein-bbn.de\/baeckerei\/wp-content\/uploads\/2023\/04\/Menue-Connect-1-200x183.jpg 200w\" sizes=\"(max-width: 662px) 100vw, 662px\" \/><\/a><\/figure><div class=\"elementor-image-box-content\"><h4 class=\"elementor-image-box-title\"><a href=\"https:\/\/library.elementor.com\/local-services-wireframe-1-flexbox\/services\/#service_3\" target=\"_blank\" rel=\"noopener\">BBN Connect<\/a><\/h4><p class=\"elementor-image-box-description\">Die optimierte Organisation<\/p><\/div><\/div>\t\t\t\t<\/div>\n\t\t\t\t<\/div>\n\t\t\t\t<div class=\"elementor-element elementor-element-2cbefb8c elementor-widget-tablet__width-initial elementor-widget-mobile__width-inherit elementor-widget__width-initial elementor-position-top elementor-widget elementor-widget-image-box\" data-id=\"2cbefb8c\" data-element_type=\"widget\" data-e-type=\"widget\" data-widget_type=\"image-box.default\">\n\t\t\t\t<div class=\"elementor-widget-container\">\n\t\t\t\t\t<div class=\"elementor-image-box-wrapper\"><figure class=\"elementor-image-box-img\"><a href=\"https:\/\/library.elementor.com\/local-services-wireframe-1-flexbox\/services\/#service_4\" tabindex=\"-1\" target=\"_blank\" rel=\"noopener\"><img loading=\"lazy\" decoding=\"async\" width=\"662\" height=\"607\" src=\"https:\/\/mein-bbn.de\/baeckerei\/wp-content\/uploads\/2023\/04\/Menue-PEPZeit-1.jpg\" class=\"elementor-animation-grow attachment-full size-full wp-image-3013\" alt=\"BBN-PEPZeit Menue\" srcset=\"https:\/\/mein-bbn.de\/baeckerei\/wp-content\/uploads\/2023\/04\/Menue-PEPZeit-1.jpg 662w, https:\/\/mein-bbn.de\/baeckerei\/wp-content\/uploads\/2023\/04\/Menue-PEPZeit-1-300x275.jpg 300w, https:\/\/mein-bbn.de\/baeckerei\/wp-content\/uploads\/2023\/04\/Menue-PEPZeit-1-200x183.jpg 200w\" sizes=\"(max-width: 662px) 100vw, 662px\" \/><\/a><\/figure><div class=\"elementor-image-box-content\"><h4 class=\"elementor-image-box-title\"><a href=\"https:\/\/library.elementor.com\/local-services-wireframe-1-flexbox\/services\/#service_4\" target=\"_blank\" rel=\"noopener\">BBN-PEPZeit<\/a><\/h4><p class=\"elementor-image-box-description\">Die bew\u00e4hrte Personalplanung<\/p><\/div><\/div>\t\t\t\t<\/div>\n\t\t\t\t<\/div>\n\t\t\t\t<\/div>\n\t\t\t\t\t<\/div>\n\t\t\t\t<\/div>\n\t\t\t\t<\/div>\n\t\t","protected":false},"excerpt":{"rendered":"<p>S\u00fcdback 2024: Termin sichern! Lass uns auf der S\u00fcdback 2024 pers\u00f6nlich treffen!Sichere dir jetzt deinen Termin und entdecke unsere neuesten Ideen und L\u00f6sungen. Wir freuen uns auf den Austausch mit dir! BBN &#8211; die digitale Heimat f\u00fcr B\u00e4ckereien und Konditoreien 15 Jahre Software-Entwicklung Partnerschaftliche Entwicklung Know-how aus der B\u00e4ckereibranche Deutschlandweit in deiner N\u00e4he Die BBN [&hellip;]<\/p>\n","protected":false},"author":2,"featured_media":0,"parent":0,"menu_order":0,"comment_status":"closed","ping_status":"closed","template":"","meta":{"footnotes":""},"class_list":["post-10299","page","type-page","status-publish","hentry"],"_links":{"self":[{"href":"https:\/\/mein-bbn.de\/baeckerei\/wp-json\/wp\/v2\/pages\/10299","targetHints":{"allow":["GET"]}}],"collection":[{"href":"https:\/\/mein-bbn.de\/baeckerei\/wp-json\/wp\/v2\/pages"}],"about":[{"href":"https:\/\/mein-bbn.de\/baeckerei\/wp-json\/wp\/v2\/types\/page"}],"author":[{"embeddable":true,"href":"https:\/\/mein-bbn.de\/baeckerei\/wp-json\/wp\/v2\/users\/2"}],"replies":[{"embeddable":true,"href":"https:\/\/mein-bbn.de\/baeckerei\/wp-json\/wp\/v2\/comments?post=10299"}],"version-history":[{"count":79,"href":"https:\/\/mein-bbn.de\/baeckerei\/wp-json\/wp\/v2\/pages\/10299\/revisions"}],"predecessor-version":[{"id":10595,"href":"https:\/\/mein-bbn.de\/baeckerei\/wp-json\/wp\/v2\/pages\/10299\/revisions\/10595"}],"wp:attachment":[{"href":"https:\/\/mein-bbn.de\/baeckerei\/wp-json\/wp\/v2\/media?parent=10299"}],"curies":[{"name":"wp","href":"https:\/\/api.w.org\/{rel}","templated":true}]}}